{"id":2817,"date":"2025-07-25T09:26:41","date_gmt":"2025-07-25T09:26:41","guid":{"rendered":"https:\/\/biljanabojceska.com\/?page_id=2817"},"modified":"2025-07-28T15:48:14","modified_gmt":"2025-07-28T15:48:14","slug":"agb","status":"publish","type":"page","link":"https:\/\/biljanabojceska.com\/index.php\/agb\/","title":{"rendered":"AGB"},"content":{"rendered":"\n<style type=\"text\/css\" data-created_by=\"avia_inline_auto\" id=\"style-css-av-mdna8fdq-16bc3f184d0231f34bd56dcb1d153d36\">\n#top .hr.hr-invisible.av-mdna8fdq-16bc3f184d0231f34bd56dcb1d153d36{\nheight:30px;\n}\n<\/style>\n<div  class='hr av-mdna8fdq-16bc3f184d0231f34bd56dcb1d153d36 hr-invisible  avia-builder-el-0  el_before_av_heading  avia-builder-el-first  av-desktop-hide av-medium-hide'><span class='hr-inner '><span class=\"hr-inner-style\"><\/span><\/span><\/div>\n\n<style type=\"text\/css\" data-created_by=\"avia_inline_auto\" id=\"style-css-av-mditx5f0-f1ced12c7a2ee8425852b2a2992ff962\">\n#top .av-special-heading.av-mditx5f0-f1ced12c7a2ee8425852b2a2992ff962{\npadding-bottom:10px;\n}\nbody .av-special-heading.av-mditx5f0-f1ced12c7a2ee8425852b2a2992ff962 .av-special-heading-tag .heading-char{\nfont-size:25px;\n}\n.av-special-heading.av-mditx5f0-f1ced12c7a2ee8425852b2a2992ff962 .av-subheading{\nfont-size:15px;\n}\n<\/style>\n<div  class='av-special-heading av-mditx5f0-f1ced12c7a2ee8425852b2a2992ff962 av-special-heading-h2 blockquote elegant-quote elegant-centered  avia-builder-el-1  el_after_av_hr  el_before_av_hr '><h2 class='av-special-heading-tag'  itemprop=\"headline\"  ><span class=\"heading-wrap\">Allgemeine Gesch\u00e4ftsbedingungen (AGB)<\/span><\/h2><div class=\"special-heading-border\"><div class=\"special-heading-inner-border\"><\/div><\/div><\/div>\n\n<style type=\"text\/css\" data-created_by=\"avia_inline_auto\" id=\"style-css-av-mdiu691j-77f10233d14537a18f4dfc57235c6550\">\n#top .hr.av-mdiu691j-77f10233d14537a18f4dfc57235c6550{\nmargin-top:10px;\nmargin-bottom:10px;\n}\n.hr.av-mdiu691j-77f10233d14537a18f4dfc57235c6550 .hr-inner{\nwidth:50px;\n}\n<\/style>\n<div  class='hr av-mdiu691j-77f10233d14537a18f4dfc57235c6550 hr-custom  avia-builder-el-2  el_after_av_heading  el_before_av_textblock  hr-center hr-icon-no'><span class='hr-inner inner-border-av-border-none'><span class=\"hr-inner-style\"><\/span><\/span><\/div>\n\n<style type=\"text\/css\" data-created_by=\"avia_inline_auto\" id=\"style-css-av-mditxm91-180a5b15379a9a36ab12bbacdf4ce452\">\n#top .av_textblock_section.av-mditxm91-180a5b15379a9a36ab12bbacdf4ce452 .avia_textblock{\ncolor:#720020;\n}\n<\/style>\n<section  class='av_textblock_section av-mditxm91-180a5b15379a9a36ab12bbacdf4ce452'  itemscope=\"itemscope\" itemtype=\"https:\/\/schema.org\/CreativeWork\" ><div class='avia_textblock av_inherit_color'  itemprop=\"text\" ><h3 data-start=\"429\" data-end=\"453\">1. Geltungsbereich<\/h3>\n<p data-start=\"454\" data-end=\"830\">Diese Allgemeinen Gesch\u00e4ftsbedingungen (AGB) gelten f\u00fcr alle Dienstleistungen, insbesondere Coachings, Online-Programme, Workshops und sonstige Angebote, die von Mag. <strong data-start=\"616\" data-end=\"636\">Biljana Bojceska<\/strong> (nachfolgend \u201eAnbieterin\u201c) angeboten und vom Kunden\/der Kundin (nachfolgend \u201eKunde\u201c) gebucht werden. Ma\u00dfgeblich ist jeweils die zum Zeitpunkt des Vertragsabschlusses g\u00fcltige Fassung dieser AGB.<\/p>\n<\/div><\/section>\n\n<style type=\"text\/css\" data-created_by=\"avia_inline_auto\" id=\"style-css-av-mdity9zr-e4235a2fc0f82fdba77fd9d07e0bfe16\">\n#top .hr.av-mdity9zr-e4235a2fc0f82fdba77fd9d07e0bfe16{\nmargin-top:10px;\nmargin-bottom:10px;\n}\n.hr.av-mdity9zr-e4235a2fc0f82fdba77fd9d07e0bfe16 .hr-inner{\nwidth:100%;\n}\n<\/style>\n<div  class='hr av-mdity9zr-e4235a2fc0f82fdba77fd9d07e0bfe16 hr-custom  avia-builder-el-4  el_after_av_textblock  el_before_av_textblock  hr-center hr-icon-no'><span class='hr-inner inner-border-av-border-thin'><span class=\"hr-inner-style\"><\/span><\/span><\/div>\n\n<style type=\"text\/css\" data-created_by=\"avia_inline_auto\" id=\"style-css-av-mdityptv-885acf86aee226508d2e9d3a2c23cb02\">\n#top .av_textblock_section.av-mdityptv-885acf86aee226508d2e9d3a2c23cb02 .avia_textblock{\ncolor:#720020;\n}\n<\/style>\n<section  class='av_textblock_section av-mdityptv-885acf86aee226508d2e9d3a2c23cb02'  itemscope=\"itemscope\" itemtype=\"https:\/\/schema.org\/CreativeWork\" ><div class='avia_textblock av_inherit_color'  itemprop=\"text\" ><h3 data-start=\"837\" data-end=\"856\">2. Leistungen<\/h3>\n<p data-start=\"857\" data-end=\"1084\">Die Anbieterin bietet Coaching-Leistungen im Bereich Pers\u00f6nlichkeitsentwicklung, Mindset-Arbeit und Empowerment an. Die konkrete Leistung ergibt sich aus dem jeweiligen Angebot (z.\u202fB. Online-Programm, Workshop, Einzelcoaching).<\/p>\n<\/div><\/section>\n\n<style type=\"text\/css\" data-created_by=\"avia_inline_auto\" id=\"style-css-av-g5c4o1-a3a787ce66320d80595666468aec175d\">\n#top .hr.av-g5c4o1-a3a787ce66320d80595666468aec175d{\nmargin-top:10px;\nmargin-bottom:10px;\n}\n.hr.av-g5c4o1-a3a787ce66320d80595666468aec175d .hr-inner{\nwidth:100%;\n}\n<\/style>\n<div  class='hr av-g5c4o1-a3a787ce66320d80595666468aec175d hr-custom  avia-builder-el-6  el_after_av_textblock  el_before_av_textblock  hr-center hr-icon-no'><span class='hr-inner inner-border-av-border-thin'><span class=\"hr-inner-style\"><\/span><\/span><\/div>\n\n<style type=\"text\/css\" data-created_by=\"avia_inline_auto\" id=\"style-css-av-mditz771-28548f58d540c66ff33a314ba3490615\">\n#top .av_textblock_section.av-mditz771-28548f58d540c66ff33a314ba3490615 .avia_textblock{\ncolor:#720020;\n}\n<\/style>\n<section  class='av_textblock_section av-mditz771-28548f58d540c66ff33a314ba3490615'  itemscope=\"itemscope\" itemtype=\"https:\/\/schema.org\/CreativeWork\" ><div class='avia_textblock av_inherit_color'  itemprop=\"text\" ><h3 data-start=\"1091\" data-end=\"1117\">3. Vertragsabschluss<\/h3>\n<p data-start=\"1118\" data-end=\"1378\">Ein Vertrag kommt zustande, wenn der Kunde ein Angebot \u00fcber die Website, per E-Mail oder \u00fcber Buchungstools wie <strong data-start=\"1230\" data-end=\"1242\">Calendly<\/strong> annimmt und eine Buchungsbest\u00e4tigung durch die Anbieterin erfolgt. Mit der Buchung erkl\u00e4rt sich der Kunde mit diesen AGB einverstanden.<\/p>\n<\/div><\/section>\n\n<style type=\"text\/css\" data-created_by=\"avia_inline_auto\" id=\"style-css-av-ev4oep-84fa923de0c1d3f60a6d1097f3a1d56e\">\n#top .hr.av-ev4oep-84fa923de0c1d3f60a6d1097f3a1d56e{\nmargin-top:10px;\nmargin-bottom:10px;\n}\n.hr.av-ev4oep-84fa923de0c1d3f60a6d1097f3a1d56e .hr-inner{\nwidth:100%;\n}\n<\/style>\n<div  class='hr av-ev4oep-84fa923de0c1d3f60a6d1097f3a1d56e hr-custom  avia-builder-el-8  el_after_av_textblock  el_before_av_textblock  hr-center hr-icon-no'><span class='hr-inner inner-border-av-border-thin'><span class=\"hr-inner-style\"><\/span><\/span><\/div>\n\n<style type=\"text\/css\" data-created_by=\"avia_inline_auto\" id=\"style-css-av-mditzmbc-acec75f098caa009dd910777127983ab\">\n#top .av_textblock_section.av-mditzmbc-acec75f098caa009dd910777127983ab .avia_textblock{\ncolor:#720020;\n}\n<\/style>\n<section  class='av_textblock_section av-mditzmbc-acec75f098caa009dd910777127983ab'  itemscope=\"itemscope\" itemtype=\"https:\/\/schema.org\/CreativeWork\" ><div class='avia_textblock av_inherit_color'  itemprop=\"text\" ><h3 data-start=\"1385\" data-end=\"1424\">4. Preise und Zahlungsbedingungen<\/h3>\n<p data-start=\"1425\" data-end=\"1741\">Die angegebenen Preise verstehen sich in Euro. Sofern nicht anders vereinbart, ist die Zahlung vor Beginn der Dienstleistung f\u00e4llig. Die Zahlung erfolgt per \u00dcberweisung oder \u00fcber ein verf\u00fcgbares Online-Zahlungssystem (z.\u202fB. Stripe, PayPal). Ratenzahlungen sind nur nach vorheriger schriftlicher Vereinbarung m\u00f6glich.<\/p>\n<\/div><\/section>\n\n<style type=\"text\/css\" data-created_by=\"avia_inline_auto\" id=\"style-css-av-cc1kkh-77c0331781e47d117ebf1906d90058c6\">\n#top .hr.av-cc1kkh-77c0331781e47d117ebf1906d90058c6{\nmargin-top:10px;\nmargin-bottom:10px;\n}\n.hr.av-cc1kkh-77c0331781e47d117ebf1906d90058c6 .hr-inner{\nwidth:100%;\n}\n<\/style>\n<div  class='hr av-cc1kkh-77c0331781e47d117ebf1906d90058c6 hr-custom  avia-builder-el-10  el_after_av_textblock  el_before_av_textblock  hr-center hr-icon-no'><span class='hr-inner inner-border-av-border-thin'><span class=\"hr-inner-style\"><\/span><\/span><\/div>\n\n<style type=\"text\/css\" data-created_by=\"avia_inline_auto\" id=\"style-css-av-mdiu0qab-b5dc0f8b479a094e143b8f346bae19c7\">\n#top .av_textblock_section.av-mdiu0qab-b5dc0f8b479a094e143b8f346bae19c7 .avia_textblock{\ncolor:#720020;\n}\n<\/style>\n<section  class='av_textblock_section av-mdiu0qab-b5dc0f8b479a094e143b8f346bae19c7'  itemscope=\"itemscope\" itemtype=\"https:\/\/schema.org\/CreativeWork\" ><div class='avia_textblock av_inherit_color'  itemprop=\"text\" ><h3 data-start=\"1748\" data-end=\"1782\">5. Stornierung und R\u00fccktritt<\/h3>\n<p data-start=\"1783\" data-end=\"2261\">Ein R\u00fccktritt vom Coaching oder Programm ist bis <strong data-start=\"1832\" data-end=\"1857\">48 Stunden vor Beginn<\/strong> kostenlos m\u00f6glich. Danach wird eine Stornogeb\u00fchr von <strong data-start=\"1911\" data-end=\"1919\">50\u202f%<\/strong> des Gesamtbetrags f\u00e4llig. Bei Nichterscheinen oder kurzfristiger Absage (weniger als 24 Stunden) wird der volle Betrag verrechnet.<br data-start=\"2050\" data-end=\"2053\" \/>F\u00fcr digitale Programme gilt: Nach vollst\u00e4ndigem Zugang zu den Inhalten besteht <strong data-start=\"2132\" data-end=\"2155\">kein Widerrufsrecht<\/strong>, sofern der Kunde ausdr\u00fccklich zugestimmt hat, dass die Leistung sofort erbracht werden darf (\u00a7 18 FAGG).<\/p>\n<\/div><\/section>\n\n<style type=\"text\/css\" data-created_by=\"avia_inline_auto\" id=\"style-css-av-af1uzl-11cff080c4ab59a9a2107ba3d6c293d9\">\n#top .hr.av-af1uzl-11cff080c4ab59a9a2107ba3d6c293d9{\nmargin-top:10px;\nmargin-bottom:10px;\n}\n.hr.av-af1uzl-11cff080c4ab59a9a2107ba3d6c293d9 .hr-inner{\nwidth:100%;\n}\n<\/style>\n<div  class='hr av-af1uzl-11cff080c4ab59a9a2107ba3d6c293d9 hr-custom  avia-builder-el-12  el_after_av_textblock  el_before_av_textblock  hr-center hr-icon-no'><span class='hr-inner inner-border-av-border-thin'><span class=\"hr-inner-style\"><\/span><\/span><\/div>\n\n<style type=\"text\/css\" data-created_by=\"avia_inline_auto\" id=\"style-css-av-mdiu1dwl-e4dd90448edb7342ade1b58e433fdfb1\">\n#top .av_textblock_section.av-mdiu1dwl-e4dd90448edb7342ade1b58e433fdfb1 .avia_textblock{\ncolor:#720020;\n}\n<\/style>\n<section  class='av_textblock_section av-mdiu1dwl-e4dd90448edb7342ade1b58e433fdfb1'  itemscope=\"itemscope\" itemtype=\"https:\/\/schema.org\/CreativeWork\" ><div class='avia_textblock av_inherit_color'  itemprop=\"text\" ><h3 data-start=\"2268\" data-end=\"2304\">6. Absage durch die Anbieterin<\/h3>\n<p data-start=\"2305\" data-end=\"2485\">Die Anbieterin beh\u00e4lt sich vor, Termine aus wichtigem Grund (z.\u202fB. Krankheit) zu verschieben. In diesem Fall wird ein Ersatztermin angeboten. Weitere Anspr\u00fcche sind ausgeschlossen.<\/p>\n<\/div><\/section>\n\n<style type=\"text\/css\" data-created_by=\"avia_inline_auto\" id=\"style-css-av-92q3td-6ab2b28543a57e39b8d86f1174dfda3d\">\n#top .hr.av-92q3td-6ab2b28543a57e39b8d86f1174dfda3d{\nmargin-top:10px;\nmargin-bottom:10px;\n}\n.hr.av-92q3td-6ab2b28543a57e39b8d86f1174dfda3d .hr-inner{\nwidth:100%;\n}\n<\/style>\n<div  class='hr av-92q3td-6ab2b28543a57e39b8d86f1174dfda3d hr-custom  avia-builder-el-14  el_after_av_textblock  el_before_av_textblock  hr-center hr-icon-no'><span class='hr-inner inner-border-av-border-thin'><span class=\"hr-inner-style\"><\/span><\/span><\/div>\n\n<style type=\"text\/css\" data-created_by=\"avia_inline_auto\" id=\"style-css-av-mdiu1se5-ec65ffe813e750d12853f2653d805746\">\n#top .av_textblock_section.av-mdiu1se5-ec65ffe813e750d12853f2653d805746 .avia_textblock{\ncolor:#720020;\n}\n<\/style>\n<section  class='av_textblock_section av-mdiu1se5-ec65ffe813e750d12853f2653d805746'  itemscope=\"itemscope\" itemtype=\"https:\/\/schema.org\/CreativeWork\" ><div class='avia_textblock av_inherit_color'  itemprop=\"text\" ><h3 data-start=\"2492\" data-end=\"2508\">7. Haftung<\/h3>\n<p data-start=\"2509\" data-end=\"2893\">Die Teilnahme an Coachings, Programmen und Workshops erfolgt auf eigene Verantwortung. Die Anbieterin \u00fcbernimmt keine Haftung f\u00fcr pers\u00f6nliche, gesundheitliche oder wirtschaftliche Entscheidungen, die auf Basis der vermittelten Inhalte getroffen werden.<br data-start=\"2761\" data-end=\"2764\" \/>Es werden keine Heilversprechen gegeben. Die Angebote ersetzen keine psychotherapeutische, medizinische oder rechtliche Beratung.<\/p>\n<\/div><\/section>\n\n<style type=\"text\/css\" data-created_by=\"avia_inline_auto\" id=\"style-css-av-7ahncx-01d8ad44c500fe18fe73424d1dc556cb\">\n#top .hr.av-7ahncx-01d8ad44c500fe18fe73424d1dc556cb{\nmargin-top:10px;\nmargin-bottom:10px;\n}\n.hr.av-7ahncx-01d8ad44c500fe18fe73424d1dc556cb .hr-inner{\nwidth:100%;\n}\n<\/style>\n<div  class='hr av-7ahncx-01d8ad44c500fe18fe73424d1dc556cb hr-custom  avia-builder-el-16  el_after_av_textblock  el_before_av_textblock  hr-center hr-icon-no'><span class='hr-inner inner-border-av-border-thin'><span class=\"hr-inner-style\"><\/span><\/span><\/div>\n\n<style type=\"text\/css\" data-created_by=\"avia_inline_auto\" id=\"style-css-av-mdiu2xdh-b1b73e156052148a4e673bda17338d03\">\n#top .av_textblock_section.av-mdiu2xdh-b1b73e156052148a4e673bda17338d03 .avia_textblock{\ncolor:#720020;\n}\n<\/style>\n<section  class='av_textblock_section av-mdiu2xdh-b1b73e156052148a4e673bda17338d03'  itemscope=\"itemscope\" itemtype=\"https:\/\/schema.org\/CreativeWork\" ><div class='avia_textblock av_inherit_color'  itemprop=\"text\" ><h3 data-start=\"2900\" data-end=\"2920\">8. Datenschutz<\/h3>\n<p data-start=\"2921\" data-end=\"3105\">Die Daten des Kunden werden vertraulich behandelt und ausschlie\u00dflich zur Abwicklung der gebuchten Leistung verwendet. Weitere Informationen findest du in der <a class=\"\" href=\"https:\/\/biljanabojceska.com\/index.php\/datenschutz\/\" rel=\"noopener\" data-start=\"3079\" data-end=\"3104\">Datenschutzerkl\u00e4rung<\/a>.<\/p>\n<\/div><\/section>\n\n<style type=\"text\/css\" data-created_by=\"avia_inline_auto\" id=\"style-css-av-5h11e9-1c4aa9212b880d26387e4e176e41e962\">\n#top .hr.av-5h11e9-1c4aa9212b880d26387e4e176e41e962{\nmargin-top:10px;\nmargin-bottom:10px;\n}\n.hr.av-5h11e9-1c4aa9212b880d26387e4e176e41e962 .hr-inner{\nwidth:100%;\n}\n<\/style>\n<div  class='hr av-5h11e9-1c4aa9212b880d26387e4e176e41e962 hr-custom  avia-builder-el-18  el_after_av_textblock  el_before_av_textblock  hr-center hr-icon-no'><span class='hr-inner inner-border-av-border-thin'><span class=\"hr-inner-style\"><\/span><\/span><\/div>\n\n<style type=\"text\/css\" data-created_by=\"avia_inline_auto\" id=\"style-css-av-mdiu3ex0-66717afb38cffacdb69b3df7209b493e\">\n#top .av_textblock_section.av-mdiu3ex0-66717afb38cffacdb69b3df7209b493e .avia_textblock{\ncolor:#720020;\n}\n<\/style>\n<section  class='av_textblock_section av-mdiu3ex0-66717afb38cffacdb69b3df7209b493e'  itemscope=\"itemscope\" itemtype=\"https:\/\/schema.org\/CreativeWork\" ><div class='avia_textblock av_inherit_color'  itemprop=\"text\" ><h3 data-start=\"3112\" data-end=\"3133\">9. Urheberrecht<\/h3>\n<p data-start=\"3134\" data-end=\"3335\">Alle Inhalte, Unterlagen, Texte und Methoden unterliegen dem Urheberrecht. Eine Vervielf\u00e4ltigung, Verbreitung oder Weitergabe an Dritte ist ohne ausdr\u00fcckliche Zustimmung der Anbieterin nicht gestattet.<\/p>\n<\/div><\/section>\n\n<style type=\"text\/css\" data-created_by=\"avia_inline_auto\" id=\"style-css-av-4wzdgh-15857073190344802abe29221ab43f40\">\n#top .hr.av-4wzdgh-15857073190344802abe29221ab43f40{\nmargin-top:10px;\nmargin-bottom:10px;\n}\n.hr.av-4wzdgh-15857073190344802abe29221ab43f40 .hr-inner{\nwidth:100%;\n}\n<\/style>\n<div  class='hr av-4wzdgh-15857073190344802abe29221ab43f40 hr-custom  avia-builder-el-20  el_after_av_textblock  el_before_av_textblock  hr-center hr-icon-no'><span class='hr-inner inner-border-av-border-thin'><span class=\"hr-inner-style\"><\/span><\/span><\/div>\n\n<style type=\"text\/css\" data-created_by=\"avia_inline_auto\" id=\"style-css-av-mdiu46gd-a38d157e6151ed5fc3696f929edd28eb\">\n#top .av_textblock_section.av-mdiu46gd-a38d157e6151ed5fc3696f929edd28eb .avia_textblock{\ncolor:#720020;\n}\n<\/style>\n<section  class='av_textblock_section av-mdiu46gd-a38d157e6151ed5fc3696f929edd28eb'  itemscope=\"itemscope\" itemtype=\"https:\/\/schema.org\/CreativeWork\" ><div class='avia_textblock av_inherit_color'  itemprop=\"text\" ><h3 data-start=\"3342\" data-end=\"3371\">10. Schlussbestimmungen<\/h3>\n<p data-start=\"3372\" data-end=\"3604\">Es gilt \u00f6sterreichisches Recht unter Ausschluss des UN-Kaufrechts. Gerichtsstand ist Salzburg.<br data-start=\"3466\" data-end=\"3469\" \/>Sollten einzelne Bestimmungen dieser AGB ganz oder teilweise unwirksam sein, bleibt die Wirksamkeit der \u00fcbrigen Bestimmungen unber\u00fchrt.<\/p>\n<\/div><\/section>\n\n<style type=\"text\/css\" data-created_by=\"avia_inline_auto\" id=\"style-css-av-1vbr9d-5243f109a84714ccd175e3ddedf620e1\">\n#top .hr.av-1vbr9d-5243f109a84714ccd175e3ddedf620e1{\nmargin-top:10px;\nmargin-bottom:10px;\n}\n.hr.av-1vbr9d-5243f109a84714ccd175e3ddedf620e1 .hr-inner{\nwidth:100%;\n}\n<\/style>\n<div  class='hr av-1vbr9d-5243f109a84714ccd175e3ddedf620e1 hr-custom  avia-builder-el-22  el_after_av_textblock  el_before_av_textblock  hr-center hr-icon-no'><span class='hr-inner inner-border-av-border-thin'><span class=\"hr-inner-style\"><\/span><\/span><\/div>\n\n<style type=\"text\/css\" data-created_by=\"avia_inline_auto\" id=\"style-css-av-mdiu4nco-ba6ae656fde09bee820eb2412d4bfec1\">\n#top .av_textblock_section.av-mdiu4nco-ba6ae656fde09bee820eb2412d4bfec1 .avia_textblock{\ncolor:#720020;\n}\n<\/style>\n<section  class='av_textblock_section av-mdiu4nco-ba6ae656fde09bee820eb2412d4bfec1'  itemscope=\"itemscope\" itemtype=\"https:\/\/schema.org\/CreativeWork\" ><div class='avia_textblock av_inherit_color'  itemprop=\"text\" ><p data-start=\"3372\" data-end=\"3604\"><strong data-start=\"3611\" data-end=\"3621\">Stand:<\/strong> Juli 2025<\/p>\n<\/div><\/section>\n","protected":false},"excerpt":{"rendered":"","protected":false},"author":1,"featured_media":0,"parent":0,"menu_order":0,"comment_status":"closed","ping_status":"closed","template":"","meta":{"footnotes":""},"class_list":["post-2817","page","type-page","status-publish","hentry"],"_links":{"self":[{"href":"https:\/\/biljanabojceska.com\/index.php\/wp-json\/wp\/v2\/pages\/2817","targetHints":{"allow":["GET"]}}],"collection":[{"href":"https:\/\/biljanabojceska.com\/index.php\/wp-json\/wp\/v2\/pages"}],"about":[{"href":"https:\/\/biljanabojceska.com\/index.php\/wp-json\/wp\/v2\/types\/page"}],"author":[{"embeddable":true,"href":"https:\/\/biljanabojceska.com\/index.php\/wp-json\/wp\/v2\/users\/1"}],"replies":[{"embeddable":true,"href":"https:\/\/biljanabojceska.com\/index.php\/wp-json\/wp\/v2\/comments?post=2817"}],"version-history":[{"count":7,"href":"https:\/\/biljanabojceska.com\/index.php\/wp-json\/wp\/v2\/pages\/2817\/revisions"}],"predecessor-version":[{"id":2980,"href":"https:\/\/biljanabojceska.com\/index.php\/wp-json\/wp\/v2\/pages\/2817\/revisions\/2980"}],"wp:attachment":[{"href":"https:\/\/biljanabojceska.com\/index.php\/wp-json\/wp\/v2\/media?parent=2817"}],"curies":[{"name":"wp","href":"https:\/\/api.w.org\/{rel}","templated":true}]}}